{"id":23,"date":"2024-11-10T17:00:17","date_gmt":"2024-11-10T17:00:17","guid":{"rendered":"https:\/\/kingfisherarg.com\/?page_id=23"},"modified":"2024-12-02T12:14:50","modified_gmt":"2024-12-02T12:14:50","slug":"sobre-nosotros","status":"publish","type":"page","link":"https:\/\/kingfisherarg.com\/en\/sobre-nosotros\/","title":{"rendered":"About Us"},"content":{"rendered":"<div data-elementor-type=\"wp-page\" data-elementor-id=\"23\" class=\"elementor elementor-23\" data-elementor-post-type=\"page\">\n\t\t\t\t<div class=\"elementor-element elementor-element-be47df4 e-flex e-con-boxed e-con e-parent\" data-id=\"be47df4\" data-element_type=\"container\" data-e-type=\"container\" data-settings=\"{&quot;shape_divider_top&quot;:&quot;mountains&quot;}\">\n\t\t\t\t\t<div class=\"e-con-inner\">\n\t\t\t\t<div class=\"elementor-shape elementor-shape-top\" aria-hidden=\"true\" data-negative=\"false\">\n\t\t\t<svg xmlns=\"http:\/\/www.w3.org\/2000\/svg\" viewbox=\"0 0 1000 100\" preserveaspectratio=\"none\">\n\t<path class=\"elementor-shape-fill\" opacity=\"0.33\" d=\"M473,67.3c-203.9,88.3-263.1-34-320.3,0C66,119.1,0,59.7,0,59.7V0h1000v59.7 c0,0-62.1,26.1-94.9,29.3c-32.8,3.3-62.8-12.3-75.8-22.1C806,49.6,745.3,8.7,694.9,4.7S492.4,59,473,67.3z\"\/>\n\t<path class=\"elementor-shape-fill\" opacity=\"0.66\" d=\"M734,67.3c-45.5,0-77.2-23.2-129.1-39.1c-28.6-8.7-150.3-10.1-254,39.1 s-91.7-34.4-149.2,0C115.7,118.3,0,39.8,0,39.8V0h1000v36.5c0,0-28.2-18.5-92.1-18.5C810.2,18.1,775.7,67.3,734,67.3z\"\/>\n\t<path class=\"elementor-shape-fill\" d=\"M766.1,28.9c-200-57.5-266,65.5-395.1,19.5C242,1.8,242,5.4,184.8,20.6C128,35.8,132.3,44.9,89.9,52.5C28.6,63.7,0,0,0,0 h1000c0,0-9.9,40.9-83.6,48.1S829.6,47,766.1,28.9z\"\/>\n<\/svg>\t\t<\/div>\n\t\t\t\t<div class=\"elementor-element elementor-element-4741d4b elementor-widget elementor-widget-image\" data-id=\"4741d4b\" data-element_type=\"widget\" data-e-type=\"widget\" data-widget_type=\"image.default\">\n\t\t\t\t<div class=\"elementor-widget-container\">\n\t\t\t\t\t\t\t\t\t\t\t\t\t\t\t<img fetchpriority=\"high\" decoding=\"async\" width=\"512\" height=\"512\" src=\"https:\/\/kingfisherarg.com\/wp-content\/uploads\/2024\/11\/Favicon-1.png\" class=\"attachment-large size-large wp-image-11\" alt=\"\" srcset=\"https:\/\/kingfisherarg.com\/wp-content\/uploads\/2024\/11\/Favicon-1.png 512w, https:\/\/kingfisherarg.com\/wp-content\/uploads\/2024\/11\/Favicon-1-300x300.png 300w, https:\/\/kingfisherarg.com\/wp-content\/uploads\/2024\/11\/Favicon-1-150x150.png 150w\" sizes=\"(max-width: 512px) 100vw, 512px\" \/>\t\t\t\t\t\t\t\t\t\t\t\t\t\t\t<\/div>\n\t\t\t\t<\/div>\n\t\t\t\t\t<\/div>\n\t\t\t\t<\/div>\n\t\t<div class=\"elementor-element elementor-element-9213218 e-flex e-con-boxed e-con e-parent\" data-id=\"9213218\" data-element_type=\"container\" data-e-type=\"container\">\n\t\t\t\t\t<div class=\"e-con-inner\">\n\t\t\t\t<div class=\"elementor-element elementor-element-7aa52bf elementor-widget elementor-widget-heading\" data-id=\"7aa52bf\" data-element_type=\"widget\" data-e-type=\"widget\" data-widget_type=\"heading.default\">\n\t\t\t\t<div class=\"elementor-widget-container\">\n\t\t\t\t\t<h1 class=\"elementor-heading-title elementor-size-default\">Our Passion, Your Adventure<\/h1>\t\t\t\t<\/div>\n\t\t\t\t<\/div>\n\t\t\t\t<div class=\"elementor-element elementor-element-651a011 elementor-widget elementor-widget-heading\" data-id=\"651a011\" data-element_type=\"widget\" data-e-type=\"widget\" data-widget_type=\"heading.default\">\n\t\t\t\t<div class=\"elementor-widget-container\">\n\t\t\t\t\t<h5 class=\"elementor-heading-title elementor-size-default\">We connect lovers of fishing with the magic of Patagonia. I discovered who we are and what inspires us to create unforgettable experiences<\/h5>\t\t\t\t<\/div>\n\t\t\t\t<\/div>\n\t\t<div class=\"elementor-element elementor-element-d48e3b9 e-con-full e-flex e-con e-child\" data-id=\"d48e3b9\" data-element_type=\"container\" data-e-type=\"container\">\n\t\t<div class=\"elementor-element elementor-element-5f77000 e-con-full e-flex e-con e-child\" data-id=\"5f77000\" data-element_type=\"container\" data-e-type=\"container\">\n\t\t<div class=\"elementor-element elementor-element-452c645 e-con-full e-flex e-con e-child\" data-id=\"452c645\" data-element_type=\"container\" data-e-type=\"container\">\n\t\t<div class=\"elementor-element elementor-element-15423a1 e-con-full e-flex e-con e-child\" data-id=\"15423a1\" data-element_type=\"container\" data-e-type=\"container\" data-settings=\"{&quot;background_background&quot;:&quot;classic&quot;}\">\n\t\t\t\t<div class=\"elementor-element elementor-element-853a5ba elementor-widget elementor-widget-heading\" data-id=\"853a5ba\" data-element_type=\"widget\" data-e-type=\"widget\" data-widget_type=\"heading.default\">\n\t\t\t\t<div class=\"elementor-widget-container\">\n\t\t\t\t\t<h4 class=\"elementor-heading-title elementor-size-default\">A Career Dedicated to Fishing and Nature<\/h4>\t\t\t\t<\/div>\n\t\t\t\t<\/div>\n\t\t\t\t<div class=\"elementor-element elementor-element-94ca760 elementor-widget elementor-widget-text-editor\" data-id=\"94ca760\" data-element_type=\"widget\" data-e-type=\"widget\" data-widget_type=\"text-editor.default\">\n\t\t\t\t<div class=\"elementor-widget-container\">\n\t\t\t\t\t\t\t\t\t<p>Since our inception, in <strong>Kingfisher Argentina<\/strong> we have been committed to offering fishing experiences unique in Patagonia. Our passion for the rivers and lakes of Bariloche led us to create a service intended to connect people with nature.<br \/>We combine local knowledge, professional guides and a deep respect for the environment so that each tour is more than just a trip: be a keepsake for a lifetime.<\/p>\t\t\t\t\t\t\t\t<\/div>\n\t\t\t\t<\/div>\n\t\t\t\t<\/div>\n\t\t<div class=\"elementor-element elementor-element-5cc9f16 e-con-full e-flex e-con e-child\" data-id=\"5cc9f16\" data-element_type=\"container\" data-e-type=\"container\" data-settings=\"{&quot;background_background&quot;:&quot;classic&quot;}\">\n\t\t\t\t<div class=\"elementor-element elementor-element-72a64ab elementor-widget elementor-widget-heading\" data-id=\"72a64ab\" data-element_type=\"widget\" data-e-type=\"widget\" data-widget_type=\"heading.default\">\n\t\t\t\t<div class=\"elementor-widget-container\">\n\t\t\t\t\t<h5 class=\"elementor-heading-title elementor-size-default\">Our Commitment to Nature<\/h5>\t\t\t\t<\/div>\n\t\t\t\t<\/div>\n\t\t\t\t<div class=\"elementor-element elementor-element-f6d4c61 elementor-widget elementor-widget-heading\" data-id=\"f6d4c61\" data-element_type=\"widget\" data-e-type=\"widget\" data-widget_type=\"heading.default\">\n\t\t\t\t<div class=\"elementor-widget-container\">\n\t\t\t\t\t<h4 class=\"elementor-heading-title elementor-size-default\">Responsible fisheries in Harmony with the Patagonia<\/h4>\t\t\t\t<\/div>\n\t\t\t\t<\/div>\n\t\t\t\t<div class=\"elementor-element elementor-element-83cc160 elementor-widget elementor-widget-text-editor\" data-id=\"83cc160\" data-element_type=\"widget\" data-e-type=\"widget\" data-widget_type=\"text-editor.default\">\n\t\t\t\t<div class=\"elementor-widget-container\">\n\t\t\t\t\t\t\t\t\t<p>In Kingfisher Argentina, we believe in preserving the natural wealth of Patagonia for the future generations. All our tours are promoting catch and release and the care of the natural environment. We work in partnership with local organizations to maintain the balance of the ecosystems we visit<\/p>\t\t\t\t\t\t\t\t<\/div>\n\t\t\t\t<\/div>\n\t\t\t\t<\/div>\n\t\t\t\t<\/div>\n\t\t<div class=\"elementor-element elementor-element-2ea2867 e-con-full e-flex e-con e-child\" data-id=\"2ea2867\" data-element_type=\"container\" data-e-type=\"container\">\n\t\t\t\t<div class=\"elementor-element elementor-element-2e14532 elementor-widget elementor-widget-image\" data-id=\"2e14532\" data-element_type=\"widget\" data-e-type=\"widget\" data-widget_type=\"image.default\">\n\t\t\t\t<div class=\"elementor-widget-container\">\n\t\t\t\t\t\t\t\t\t\t\t\t\t\t\t<img decoding=\"async\" width=\"593\" height=\"834\" src=\"https:\/\/kingfisherarg.com\/wp-content\/uploads\/2024\/11\/KF-home-3.png\" class=\"attachment-large size-large wp-image-74\" alt=\"\" srcset=\"https:\/\/kingfisherarg.com\/wp-content\/uploads\/2024\/11\/KF-home-3.png 593w, https:\/\/kingfisherarg.com\/wp-content\/uploads\/2024\/11\/KF-home-3-213x300.png 213w\" sizes=\"(max-width: 593px) 100vw, 593px\" \/>\t\t\t\t\t\t\t\t\t\t\t\t\t\t\t<\/div>\n\t\t\t\t<\/div>\n\t\t\t\t<\/div>\n\t\t\t\t<\/div>\n\t\t\t\t<\/div>\n\t\t\t\t\t<\/div>\n\t\t\t\t<\/div>\n\t\t<div class=\"elementor-element elementor-element-391fd56 e-flex e-con-boxed e-con e-parent\" data-id=\"391fd56\" data-element_type=\"container\" data-e-type=\"container\">\n\t\t\t\t\t<div class=\"e-con-inner\">\n\t\t<div class=\"elementor-element elementor-element-3382b3f e-con-full e-flex e-con e-child\" data-id=\"3382b3f\" data-element_type=\"container\" data-e-type=\"container\">\n\t\t\t\t<\/div>\n\t\t\t\t\t<\/div>\n\t\t\t\t<\/div>\n\t\t\t\t<\/div>","protected":false},"excerpt":{"rendered":"<p>Nuestra Pasi\u00f3n, Tu Aventura Conectamos a los amantes de la pesca con la magia de la Patagonia. Descubr\u00ed qui\u00e9nes somos y qu\u00e9 nos inspira a crear experiencias inolvidables Una Trayectoria Dedicada a la Pesca y la Naturaleza Desde nuestros inicios, en Kingfisher Argentina hemos estado comprometidos con ofrecer experiencias de pesca \u00fanicas en la Patagonia. [&hellip;]<\/p>","protected":false},"author":1,"featured_media":0,"parent":0,"menu_order":0,"comment_status":"closed","ping_status":"open","template":"","meta":{"_acf_changed":false,"footnotes":""},"class_list":["post-23","page","type-page","status-publish","hentry"],"acf":[],"aioseo_notices":[],"_links":{"self":[{"href":"https:\/\/kingfisherarg.com\/en\/wp-json\/wp\/v2\/pages\/23"}],"collection":[{"href":"https:\/\/kingfisherarg.com\/en\/wp-json\/wp\/v2\/pages"}],"about":[{"href":"https:\/\/kingfisherarg.com\/en\/wp-json\/wp\/v2\/types\/page"}],"author":[{"embeddable":true,"href":"https:\/\/kingfisherarg.com\/en\/wp-json\/wp\/v2\/users\/1"}],"replies":[{"embeddable":true,"href":"https:\/\/kingfisherarg.com\/en\/wp-json\/wp\/v2\/comments?post=23"}],"version-history":[{"count":4,"href":"https:\/\/kingfisherarg.com\/en\/wp-json\/wp\/v2\/pages\/23\/revisions"}],"predecessor-version":[{"id":459,"href":"https:\/\/kingfisherarg.com\/en\/wp-json\/wp\/v2\/pages\/23\/revisions\/459"}],"wp:attachment":[{"href":"https:\/\/kingfisherarg.com\/en\/wp-json\/wp\/v2\/media?parent=23"}],"curies":[{"name":"wp","href":"https:\/\/api.w.org\/{rel}","templated":true}]}}